{"id":41,"date":"2016-04-22T12:37:28","date_gmt":"2016-04-22T10:37:28","guid":{"rendered":"http:\/\/wp.rainertetzlaff.de\/wP\/?page_id=41"},"modified":"2023-08-23T14:23:17","modified_gmt":"2023-08-23T12:23:17","slug":"publikationen-seit-2008","status":"publish","type":"page","link":"https:\/\/www.rainertetzlaff.de\/index.php\/publikationen-seit-2008\/","title":{"rendered":"Publikationen"},"content":{"rendered":"<p>[et_pb_section fb_built=&#8220;1&#8243; _builder_version=&#8220;4.16&#8243; global_colors_info=&#8220;{}&#8220;][et_pb_row _builder_version=&#8220;4.22.0&#8243; background_size=&#8220;initial&#8220; background_position=&#8220;top_left&#8220; background_repeat=&#8220;repeat&#8220; custom_margin=&#8220;|59px||30px|false|false&#8220; global_colors_info=&#8220;{}&#8220;][et_pb_column type=&#8220;4_4&#8243; _builder_version=&#8220;4.16&#8243; custom_padding=&#8220;|||&#8220; global_colors_info=&#8220;{}&#8220; custom_padding__hover=&#8220;|||&#8220;][et_pb_text _builder_version=&#8220;4.16&#8243; background_size=&#8220;initial&#8220; background_position=&#8220;top_left&#8220; background_repeat=&#8220;repeat&#8220; global_colors_info=&#8220;{}&#8220;]<\/p>\n<p><strong>Afrika.\u00a0 <\/strong><strong>Eine Einf\u00fchrung in Geschichte, Politik und Gesellschaft<br \/><\/strong>Grundwissen Politik<strong>,<\/strong> Lehrbuch, <br \/>2. Auflage Wiesbaden 2023<br \/><span class=\"a-list-item\"><span class=\"a-text-bold\">ISBN-10 \u200f : \u200e<span>\u00a0<\/span><\/span><span>3658411112<br \/><\/span><\/span><span class=\"a-list-item\"><span class=\"a-text-bold\">ISBN-13 \u200f : \u200e<span>\u00a0<\/span><\/span><span>978-3658411114<\/span><\/span><\/p>\n<p class=\"a-spacing-none a-text-normal\"><strong><span id=\"productTitle\" class=\"a-size-extra-large celwidget\" data-csa-c-id=\"yi27dx-6q4554-yttovn-5ephwt\" data-cel-widget=\"productTitle\">Der afrikanische Blick: Unerwartete Perspektiven der Integration<br \/><\/span><\/strong><span class=\"a-size-extra-large celwidget\" data-csa-c-id=\"yi27dx-6q4554-yttovn-5ephwt\" data-cel-widget=\"productTitle\">1. Auflage 2023, Frankfurt a.M. 2023<br \/><span id=\"productTitle\" class=\"a-size-extra-large celwidget\" data-csa-c-id=\"yi27dx-6q4554-yttovn-5ephwt\" data-cel-widget=\"productTitle\"><span class=\"a-text-bold\">B<\/span><\/span>randes &amp; Apsel;<br \/><\/span><span class=\"a-list-item\"><span class=\"a-text-bold\">ISBN-10 \u200f : \u200e\u00a0<\/span>3955583422<br \/><\/span><span class=\"a-list-item\"><span class=\"a-text-bold\">ISBN-13 \u200f : \u200e\u00a0<\/span>978-3955583422<\/span><\/p>\n<p id=\"title\" class=\"a-spacing-none a-text-normal\"><strong style=\"font-size: revert;\">Afrika. <\/strong><strong style=\"font-size: revert;\">Eine Einf\u00fchrung in Geschichte, Politik und Gesellschaft<br \/><\/strong>Grundwissen Politik, Lehrbuch, Wiesbaden 2018<br \/>ISBN 978-3-658-20252-1<br \/>ISBN 978-3-658-20253-8 (eBook)<\/p>\n<p><strong>Der Islam, die Rolle Europas und die Fl\u00fcchtlingsfrage<br \/><\/strong> Islamische Gesellschaften und der Aufstieg Europas in Geschichte und Gegenwart<br \/>Reihe WIFIS aktuell, Band 59, hrsg. von Wissenschaftliches Forum f\u00fcr Internationale Sicherheit e.V., vertreten durch Prof. Dr. Michael Staack, Helmut-Schmidt-Universit\u00e4t, 2016<br \/>ISBN 978-3-8474-0509-2<br \/>ISBN 978-3-8474-0930-4 (eBook)<\/p>\n<p><strong>Das moderne Afrika verstehen<\/strong><br \/>Widerspr\u00fcchliche Entwicklungsperspektiven eines Kontinents, in:<br \/>Michael Staack (Hrsg.), Entwicklung, Frieden, Sicherheit: Drei Perspektiven auf Entwicklungen in Afrika, S. 9 &#8211; 40<br \/>Reihe WIFIS aktuell, Band 54, 2015<\/p>\n<p><strong>Afrikanische Union (AU)<\/strong>, in:<br \/>Andreas Grimmel &amp; Cord Jakobeit (Hrsg.), Regionale Integration<br \/>Erkl\u00e4rungsans\u00e4tze und Analysen zu den wichtigsten Integrationszusammenschl\u00fcssen in der Welt, S. 234 &#8211; 251 und S. 268 &#8211; 284 (ECOWAS), 2015<\/p>\n<p><strong>Weltbank, <\/strong>in:<br \/>Dieter Nohlen und Florian Grotz (Hrsg.), Kleines Lexikon der Politik,<br \/>6. Auflage, M\u00fcnchen 2015, S. 730-734<\/p>\n<p><strong>Europas islamisches Erbe<br \/><\/strong> Orient und Okzident zwischen Kooperation und Konkurrenz. Heft 138 der Hamburger Beitr\u00e4ge zur Friedensforschung und Sicherheitspolitik, hrsg. vom ISFH<\/p>\n<p><strong>Das nachkoloniale Afrika<br \/><\/strong>Politik \u2013 Wirtschaft \u2013 Gesellschaft. Lehrbuch. Grundwissen Politik. (zus. Mit C. Jakobeit, Wiesbaden 2005). Weltkulturen unter Globalisierungsdruck. Erfahrungen und Antworten aus den Kontinenten<br \/>Bonn 2000<\/p>\n<p><strong>Weltbank, <br \/><\/strong>in: Katja Freistein und Julia Leininger (Hrsg.), Handbuch internationale Organisationen. Theoretische Grundlagen und Akteure, Oldenbourg Verlag M\u00fcnchen 2012, S. 261-273<\/p>\n<p><strong>Menschenrechte und Modernisierung in Afrika \u2013 auf dem Weg zu universell akzeptierten Ethiknormen<\/strong>, <br \/>in: Hans J\u00f6rg Sandk\u00fchler (Hrsg.), Menschenrechte und Rechtskulturen in transkultureller Perspektive. Reihe: Philosophie und Transkulturalit\u00e4t Band 13, Peter Lang Verlag, Frankfurt am Main 2011,\u00a0 S. 127-152<\/p>\n<p><strong>Welt ohne Grenzen \u2013 eine afrikanische Perspektive<\/strong>, <br \/>n: Dirk Lange (Hrsg.), Entgrenzungen. Gesellschaftlicher Wandel und politische Bildung. Wochenschau Verlag: Wissenschaft, Schwalbach\/Ts. 2011, S. 37-45<\/p>\n<p><strong>Afrika im Fadenkreuz der alten und neuen Gro\u00dfm\u00e4chte<\/strong>, <br \/>in: Joachim Klose (Hrsg.), Wer macht Macht? Neue und alte Akteure der globalen Geopolitik im 21. Jahrhundert. Konrad Adenauer Stiftung, Sankt Augustin\/Berlin 2011, S. 99-121<\/p>\n<p><strong>Muslime in Europa zwischen Anpassung und Abwehr \u2013 Anmerkungen zum Thema Islam und der s\u00e4kulare Verfassungsstaat<\/strong>, <br \/>in: Marwan Abou-Taam, Jost Esser und Naika Foroutan (Hrsg.), Zwischen Konfrontation und Dialog. Der Islam als politische Gr\u00f6\u00dfe, Wiesbaden 2011, S. 131-148<\/p>\n<p><strong>Globale Herausforderungen,<\/strong> <br \/>Baustein 13: Wanderungsbewegungen, in: Bundeszentrale f\u00fcr politische Bildung (Hrsg.), Globale Herausforderungen Band 2: 17 Bausteine zum Thema \u201eMensch und Natur\u201c f\u00fcr Unterricht und au\u00dferschulische Bildung, Bonn 2011, S. 31-48<\/p>\n<p><strong>Sicherheitspolitik in Afrika<\/strong>, <br \/>in: Reinhard Meier-Walser\/Alexander Wolf (Hrsg.), Neue Dimensionen internationaler Sicherheitspolitik. Berichte und Studien der Hanns-Seidel-Stiftung. Akademie f\u00fcr Politik und Zeitgeschichte, M\u00fcnchen 2011, S. 257-276<\/p>\n<p><strong>Globalisierung und Welthandel<\/strong> (zus. mit W. B\u00f6ge), <br \/>Baustein 6 in: \u201eGlobale Herausforderungen. Bausteine f\u00fcr Unterricht und au\u00dferschulische Bildung\u201c. Themen und Materialien der Bundeszentrale f\u00fcr politische Bildung, Bonn 2011, S. 119-138<\/p>\n<p><strong>Comment: The Troubles with Standardization of Cultural Differences<\/strong>, <br \/>in: Kolja Raube und Annika Sattler (Eds.), Difference and Democracy. Exploring Potentials in Europe and Beyond, Frankfurt and New York (campus), 2011, pp. 197-210<\/p>\n<p><strong>Menschenrechte und Modernisierung in Afrika \u2013 auf dem Weg zu universell akzeptierten Ethiknormen?<\/strong> <br \/>In: Hans J\u00f6rg Sandk\u00fchler (Hrsg.), Recht und Kultur. Menschenrechte und Rechtskulturen in transkultureller Perspektive. Peter Lang Verlag, Frankfurt am Main 2011, S. 127-152<\/p>\n<p><strong>Muslime in Europa zwischen Anpassung und Abwehr \u2013 Anmerkungen zum Thema Islam und der s\u00e4kulare Verfassungsstaat<\/strong>, <br \/>in: Marwan Abou-Taam, Jost Esser, Naika Foroutan (Hrsg.), Zwischen Konfrontation und Dialog. Der Islam als politische Gr\u00f6\u00dfe. VS Verlag, Wiesbaden 2011, S. 131-148<\/p>\n<p><strong>Looking East (Asia). Responsibly Leadership \u2013 A Pre-requisite for Peace and Development in Africa<\/strong>, <br \/>in: C\u00e9lestin Tagou (Ed.), The Dynamics of Conflict, Peace and Development in African Societies. From local to international. PUPA (Presses des Universit\u00e9s Protestantes d\u2019 Afrique), Yaound\u00e9\/Cameroon 2010, p. 247-268<\/p>\n<p><strong>Wachsende Religiosit\u00e4t als Antwort auf Globalisierung<\/strong>, in: Wolfram Weisse et al. (Hrsg.), Religi\u00f6se Differenz als Chance, M\u00fcnster 2010, S. 250-269<\/p>\n<p><strong>Afrikas Entwicklungsagenda \u2013 eine Analyse gegenw\u00e4rtiger Herausforderungen<\/strong>, <br \/>in: Franziska Stehnken\/Antje Daniel\/Helmut Asche\/Rainer \u00d6hlschl\u00e4ger (Hrsg.), Afrika und externe Akteure \u2013 Partner auf Augenh\u00f6he? Baden-Baden 2010, S. 27-46<\/p>\n<p><strong>Wirtschaftliche Unterentwicklung und Staatszerfall in Afrika<\/strong>, <br \/>in: Einsatz f\u00fcr den Frieden. Sicherheit und Entwicklung in den R\u00e4umen begrenzter Staatlichkeit. Jahrbuch internationale Politik, Band 28, hrsg. Von Josef Braml, Thomas Risse, Eberhard Sandschneider. R. Oldenbourg Verlag, M\u00fcnchen 2010, S. 42-48<\/p>\n<p><strong>Afrikas Entwicklungsagenda \u2013 eine Analyse gegenw\u00e4rtiger Herausforderungen<\/strong>, <br \/>in: Franziska Stehnken\/ Antje Daniel\/ Helmut Asche\/ Rainer \u00d6hlschl\u00e4ger (Hrsg.), Afrika und externe Akteure \u2013 Partner auf Augenh\u00f6he? Nomos Verlag, Baden-Baden 2010, S. 27- 46<\/p>\n<p><strong>Wachsende Religiosit\u00e4t als Antwort auf Globalisierung<\/strong>, <br \/>in: Wolfram Wei\u00dfe und Hans-Martin Gutmann (Hrsg.), Religi\u00f6se Differenz als Chance? Positionen, Kontroversen, Perspektiven. Waxmann Verlag, M\u00fcnster, New York, M\u00fcnchen, Berlin 2010, S. 250-269<\/p>\n<p><strong>Die Europ\u00e4ische Union und die Welt; Was haben Europ\u00e4er gemeinsam?<\/strong> i<br \/>n: Bundeszentrale f\u00fcr politische Bildung (Hrsg.), Europ\u00e4ische Union. Themen und Materialien, Bonn 2009, 2 Kapitel, 40 Seiten<\/p>\n<p><strong>Zur Bedeutung des Staatsklassen-Paradigmas f\u00fcr die Bruchzonen der Globalisierung<\/strong>: <br \/>Bad Governance und die Funktion der herk\u00f6mmlichen Entwicklungshilfe, in: Raschid Ouaissa\/Heidrun Zinecker (Hrsg.) Globalisierung \u2013 entgrenzte Welten versus begrenzte Identit\u00e4ten? Festschrift f\u00fcr Hartmut Elsenhans, Leipziger Universit\u00e4tsverlag 2009, S. 163-184<\/p>\n<p><strong>\u00a0<\/strong><strong>Armutsminderung in der Dritten Welt: moralische Verpflichtung oder politische Illusion?<\/strong> In: Theodor Hanf\/Hans N. Weiler\/Helga Dickow (Hrsg.), Entwicklung als Beruf. Festschrift f\u00fcr Peter Molt: Nomos Verlag, Baden-Baden 2009, S. 473-484<\/p>\n<p><strong>\u00d6konomie und Kultur in Afrika: Entwicklungspolitische Handlungsspielr\u00e4ume im Zeitalter der Globalisierung<\/strong>, <br \/>in: Johannes Wallacher, Karoline Scharpenseel, Matthias Kiefer (Hrsg.), Kultur und \u00d6konomie. Globales Wirtschaften im Spannungsfeld kultureller Vielfalt. \u201aGlobale Solidarit\u00e4t \u2013 Schritte zu einer neuen Weltkultur\u2018, Ver\u00f6ffentlichungen des Forschungs- und Studienobjekts der Rottendorf-Stiftung an der Hochschule f\u00fcr Philosophie, Philosophische Fakult\u00e4t S.J. M\u00fcnchen, Band 17, Verlag Kohlhammer, Stuttgart 2008, S. 117-148<\/p>\n<p><strong>Afrika in der Globalisierungsfalle<\/strong>. <br \/>(Teil I: \u00d6konomische Globalisierung und ihre kulturellen Folgen; Teil II: Afrika und die Globalisierung). Otto von Freising-Vorlesungen der Katholischen Universit\u00e4t Eichst\u00e4tt-Ingoltstadt. VS Verlag f\u00fcr Sozialwissenschaften, Wiesbaden 2008<\/p>\n<p>[\/et_pb_text][\/et_pb_column][\/et_pb_row][\/et_pb_section]<\/p>\n","protected":false},"excerpt":{"rendered":"<p>Afrika.\u00a0 Eine Einf\u00fchrung in Geschichte, Politik und GesellschaftGrundwissen Politik, Lehrbuch, 2. Auflage Wiesbaden 2023ISBN-10 \u200f : \u200e\u00a03658411112ISBN-13 \u200f : \u200e\u00a0978-3658411114 Der afrikanische Blick: Unerwartete Perspektiven der Integration1. Auflage 2023, Frankfurt a.M. 2023Brandes &amp; Apsel;ISBN-10 \u200f : \u200e\u00a03955583422ISBN-13 \u200f : \u200e\u00a0978-3955583422 Afrika. Eine Einf\u00fchrung in Geschichte, Politik und GesellschaftGrundwissen Politik, Lehrbuch, Wiesbaden 2018ISBN 978-3-658-20252-1ISBN 978-3-658-20253-8 (eBook) [&hellip;]<\/p>\n","protected":false},"author":2,"featured_media":0,"parent":0,"menu_order":0,"comment_status":"closed","ping_status":"closed","template":"","meta":{"_et_pb_use_builder":"on","_et_pb_old_content":"<strong>Afrika.\u00a0 <\/strong><strong>Eine Einf\u00fchrung in Geschichte, Politik und Gesellschaft\n<\/strong>Grundwissen Politik<strong>,<\/strong> Lehrbuch, 2. Auflage Wiesbaden 2023\n<p class=\"a-spacing-none a-text-normal\"><strong><span id=\"productTitle\" class=\"a-size-extra-large celwidget\" data-csa-c-id=\"yi27dx-6q4554-yttovn-5ephwt\" data-cel-widget=\"productTitle\">Der afrikanische Blick: Unerwartete Perspektiven der Integration\n<\/span><\/strong><span class=\"a-size-extra-large celwidget\" data-csa-c-id=\"yi27dx-6q4554-yttovn-5ephwt\" data-cel-widget=\"productTitle\">1. Auflage 2023, Frankfurt a.M. 2023\n<span id=\"productTitle\" class=\"a-size-extra-large celwidget\" data-csa-c-id=\"yi27dx-6q4554-yttovn-5ephwt\" data-cel-widget=\"productTitle\"><span class=\"a-text-bold\">B<\/span><\/span>randes &amp; Apsel;\n<\/span><span class=\"a-list-item\"><span class=\"a-text-bold\">ISBN-10 \u200f : \u200e\u00a0<\/span>3955583422\n<\/span><span class=\"a-list-item\"><span class=\"a-text-bold\">ISBN-13 \u200f : \u200e\u00a0<\/span>978-3955583422<\/span><\/p>\n<p id=\"title\" class=\"a-spacing-none a-text-normal\"><strong style=\"font-size: revert;\">Afrika. <\/strong><strong style=\"font-size: revert;\">Eine Einf\u00fchrung in Geschichte, Politik und Gesellschaft\n<\/strong>Grundwissen Politik, Lehrbuch, Wiesbaden 2018\nISBN 978-3-658-20252-1\nISBN 978-3-658-20253-8 (eBook)<\/p>\n<strong>Der Islam, die Rolle Europas und die Fl\u00fcchtlingsfrage\n<\/strong> Islamische Gesellschaften und der Aufstieg Europas in Geschichte und Gegenwart\nReihe WIFIS aktuell, Band 59, hrsg. von Wissenschaftliches Forum f\u00fcr Internationale Sicherheit e.V., vertreten durch Prof. Dr. Michael Staack, Helmut-Schmidt-Universit\u00e4t, 2016\nISBN 978-3-8474-0509-2\nISBN 978-3-8474-0930-4 (eBook)\n\n<strong>Das moderne Afrika verstehen<\/strong>\nWiderspr\u00fcchliche Entwicklungsperspektiven eines Kontinents, in:\nMichael Staack (Hrsg.), Entwicklung, Frieden, Sicherheit: Drei Perspektiven auf Entwicklungen in Afrika, S. 9 - 40\nReihe WIFIS aktuell, Band 54, 2015\n\n<strong>Afrikanische Union (AU)<\/strong>, in:\nAndreas Grimmel &amp; Cord Jakobeit (Hrsg.), Regionale Integration\nErkl\u00e4rungsans\u00e4tze und Analysen zu den wichtigsten Integrationszusammenschl\u00fcssen in der Welt, S. 234 - 251 und S. 268 - 284 (ECOWAS), 2015\n\n<strong>Weltbank, <\/strong>in:\nDieter Nohlen und Florian Grotz (Hrsg.), Kleines Lexikon der Politik,\n6. Auflage, M\u00fcnchen 2015, S. 730-734\n\n<strong>Europas islamisches Erbe\n<\/strong> Orient und Okzident zwischen Kooperation und Konkurrenz. Heft 138 der Hamburger Beitr\u00e4ge zur Friedensforschung und Sicherheitspolitik, hrsg. vom ISFH\n\n<strong>Das nachkoloniale Afrika\n<\/strong>Politik \u2013 Wirtschaft \u2013 Gesellschaft. Lehrbuch. Grundwissen Politik. (zus. Mit C. Jakobeit, Wiesbaden 2005). Weltkulturen unter Globalisierungsdruck. Erfahrungen und Antworten aus den Kontinenten\nBonn 2000\n\n<strong>Weltbank, <\/strong>in: Katja Freistein und Julia Leininger (Hrsg.), Handbuch internationale Organisationen. Theoretische Grundlagen und Akteure, Oldenbourg Verlag M\u00fcnchen 2012, S. 261-273\n\n<strong>Menschenrechte und Modernisierung in Afrika \u2013 auf dem Weg zu universell akzeptierten Ethiknormen<\/strong>, in: Hans J\u00f6rg Sandk\u00fchler (Hrsg.), Menschenrechte und Rechtskulturen in transkultureller Perspektive. Reihe: Philosophie und Transkulturalit\u00e4t Band 13, Peter Lang Verlag, Frankfurt am Main 2011,\u00a0 S. 127-152\n\n<strong>Welt ohne Grenzen \u2013 eine afrikanische Perspektive<\/strong>, in: Dirk Lange (Hrsg.), Entgrenzungen. Gesellschaftlicher Wandel und politische Bildung. Wochenschau Verlag: Wissenschaft, Schwalbach\/Ts. 2011, S. 37-45\n\n<strong>Afrika im Fadenkreuz der alten und neuen Gro\u00dfm\u00e4chte<\/strong>, in: Joachim Klose (Hrsg.), Wer macht Macht? Neue und alte Akteure der globalen Geopolitik im 21. Jahrhundert. Konrad Adenauer Stiftung, Sankt Augustin\/Berlin 2011, S. 99-121\n\n<strong>Muslime in Europa zwischen Anpassung und Abwehr \u2013 Anmerkungen zum Thema Islam und der s\u00e4kulare Verfassungsstaat<\/strong>, in: Marwan Abou-Taam, Jost Esser und Naika Foroutan (Hrsg.), Zwischen Konfrontation und Dialog. Der Islam als politische Gr\u00f6\u00dfe, Wiesbaden 2011, S. 131-148\n\n<strong>Globale Herausforderungen,<\/strong> Baustein 13: Wanderungsbewegungen, in: Bundeszentrale f\u00fcr politische Bildung (Hrsg.), Globale Herausforderungen Band 2: 17 Bausteine zum Thema \u201eMensch und Natur\u201c f\u00fcr Unterricht und au\u00dferschulische Bildung, Bonn 2011, S. 31-48\n\n<strong>Sicherheitspolitik in Afrika<\/strong>, in: Reinhard Meier-Walser\/Alexander Wolf (Hrsg.), Neue Dimensionen internationaler Sicherheitspolitik. Berichte und Studien der Hanns-Seidel-Stiftung. Akademie f\u00fcr Politik und Zeitgeschichte, M\u00fcnchen 2011, S. 257-276\n\n<strong>Globalisierung und Welthandel<\/strong> (zus. mit W. B\u00f6ge), Baustein 6 in: \u201eGlobale Herausforderungen. Bausteine f\u00fcr Unterricht und au\u00dferschulische Bildung\u201c. Themen und Materialien der Bundeszentrale f\u00fcr politische Bildung, Bonn 2011, S. 119-138\n\n<strong>Comment: The Troubles with Standardization of Cultural Differences<\/strong>, in: Kolja Raube und Annika Sattler (Eds.), Difference and Democracy. Exploring Potentials in Europe and Beyond, Frankfurt and New York (campus), 2011, pp. 197-210\n\n<strong>Menschenrechte und Modernisierung in Afrika \u2013 auf dem Weg zu universell akzeptierten Ethiknormen?<\/strong> In: Hans J\u00f6rg Sandk\u00fchler (Hrsg.), Recht und Kultur. Menschenrechte und Rechtskulturen in transkultureller Perspektive. Peter Lang Verlag, Frankfurt am Main 2011, S. 127-152\n\n<strong>Muslime in Europa zwischen Anpassung und Abwehr \u2013 Anmerkungen zum Thema Islam und der s\u00e4kulare Verfassungsstaat<\/strong>, in: Marwan Abou-Taam, Jost Esser, Naika Foroutan (Hrsg.), Zwischen Konfrontation und Dialog. Der Islam als politische Gr\u00f6\u00dfe. VS Verlag, Wiesbaden 2011, S. 131-148\n\n<strong>Looking East (Asia). Responsibly Leadership \u2013 A Pre-requisite for Peace and Development in Africa<\/strong>, in: C\u00e9lestin Tagou (Ed.), The Dynamics of Conflict, Peace and Development in African Societies. From local to international. PUPA (Presses des Universit\u00e9s Protestantes d\u2019 Afrique), Yaound\u00e9\/Cameroon 2010, p. 247-268\n\n<strong>Wachsende Religiosit\u00e4t als Antwort auf Globalisierung<\/strong>, in: Wolfram Weisse et al. (Hrsg.), Religi\u00f6se Differenz als Chance, M\u00fcnster 2010, S. 250-269\n\n<strong>Afrikas Entwicklungsagenda \u2013 eine Analyse gegenw\u00e4rtiger Herausforderungen<\/strong>, in: Franziska Stehnken\/Antje Daniel\/Helmut Asche\/Rainer \u00d6hlschl\u00e4ger (Hrsg.), Afrika und externe Akteure \u2013 Partner auf Augenh\u00f6he? Baden-Baden 2010, S. 27-46\n\n<strong>Wirtschaftliche Unterentwicklung und Staatszerfall in Afrika<\/strong>, in: Einsatz f\u00fcr den Frieden. Sicherheit und Entwicklung in den R\u00e4umen begrenzter Staatlichkeit. Jahrbuch internationale Politik, Band 28, hrsg. Von Josef Braml, Thomas Risse, Eberhard Sandschneider. R. Oldenbourg Verlag, M\u00fcnchen 2010, S. 42-48\n\n<strong>Afrikas Entwicklungsagenda \u2013 eine Analyse gegenw\u00e4rtiger Herausforderungen<\/strong>, in: Franziska Stehnken\/ Antje Daniel\/ Helmut Asche\/ Rainer \u00d6hlschl\u00e4ger (Hrsg.), Afrika und externe Akteure \u2013 Partner auf Augenh\u00f6he? Nomos Verlag, Baden-Baden 2010, S. 27- 46\n\n<strong>Wachsende Religiosit\u00e4t als Antwort auf Globalisierung<\/strong>, in: Wolfram Wei\u00dfe und Hans-Martin Gutmann (Hrsg.), Religi\u00f6se Differenz als Chance? Positionen, Kontroversen, Perspektiven. Waxmann Verlag, M\u00fcnster, New York, M\u00fcnchen, Berlin 2010, S. 250-269\n\n<strong>Die Europ\u00e4ische Union und die Welt; Was haben Europ\u00e4er gemeinsam?<\/strong> in: Bundeszentrale f\u00fcr politische Bildung (Hrsg.), Europ\u00e4ische Union. Themen und Materialien, Bonn 2009, 2 Kapitel, 40 Seiten\n\n<strong>Zur Bedeutung des Staatsklassen-Paradigmas f\u00fcr die Bruchzonen der Globalisierung<\/strong>: Bad Governance und die Funktion der herk\u00f6mmlichen Entwicklungshilfe, in: Raschid Ouaissa\/Heidrun Zinecker (Hrsg.) Globalisierung \u2013 entgrenzte Welten versus begrenzte Identit\u00e4ten? Festschrift f\u00fcr Hartmut Elsenhans, Leipziger Universit\u00e4tsverlag 2009, S. 163-184\n\n<strong>\u00a0<\/strong><strong>Armutsminderung in der Dritten Welt: moralische Verpflichtung oder politische Illusion?<\/strong> In: Theodor Hanf\/Hans N. Weiler\/Helga Dickow (Hrsg.), Entwicklung als Beruf. Festschrift f\u00fcr Peter Molt: Nomos Verlag, Baden-Baden 2009, S. 473-484\n\n<strong>\u00d6konomie und Kultur in Afrika: Entwicklungspolitische Handlungsspielr\u00e4ume im Zeitalter der Globalisierung<\/strong>, in: Johannes Wallacher, Karoline Scharpenseel, Matthias Kiefer (Hrsg.), Kultur und \u00d6konomie. Globales Wirtschaften im Spannungsfeld kultureller Vielfalt. \u201aGlobale Solidarit\u00e4t \u2013 Schritte zu einer neuen Weltkultur\u2018, Ver\u00f6ffentlichungen des Forschungs- und Studienobjekts der Rottendorf-Stiftung an der Hochschule f\u00fcr Philosophie, Philosophische Fakult\u00e4t S.J. M\u00fcnchen, Band 17, Verlag Kohlhammer, Stuttgart 2008, S. 117-148\n\n<strong>Afrika in der Globalisierungsfalle<\/strong>. (Teil I: \u00d6konomische Globalisierung und ihre kulturellen Folgen; Teil II: Afrika und die Globalisierung). Otto von Freising-Vorlesungen der Katholischen Universit\u00e4t Eichst\u00e4tt-Ingoltstadt. VS Verlag f\u00fcr Sozialwissenschaften, Wiesbaden 2008","_et_gb_content_width":"","footnotes":""},"class_list":["post-41","page","type-page","status-publish","hentry"],"_links":{"self":[{"href":"https:\/\/www.rainertetzlaff.de\/index.php\/wp-json\/wp\/v2\/pages\/41","targetHints":{"allow":["GET"]}}],"collection":[{"href":"https:\/\/www.rainertetzlaff.de\/index.php\/wp-json\/wp\/v2\/pages"}],"about":[{"href":"https:\/\/www.rainertetzlaff.de\/index.php\/wp-json\/wp\/v2\/types\/page"}],"author":[{"embeddable":true,"href":"https:\/\/www.rainertetzlaff.de\/index.php\/wp-json\/wp\/v2\/users\/2"}],"replies":[{"embeddable":true,"href":"https:\/\/www.rainertetzlaff.de\/index.php\/wp-json\/wp\/v2\/comments?post=41"}],"version-history":[{"count":20,"href":"https:\/\/www.rainertetzlaff.de\/index.php\/wp-json\/wp\/v2\/pages\/41\/revisions"}],"predecessor-version":[{"id":520,"href":"https:\/\/www.rainertetzlaff.de\/index.php\/wp-json\/wp\/v2\/pages\/41\/revisions\/520"}],"wp:attachment":[{"href":"https:\/\/www.rainertetzlaff.de\/index.php\/wp-json\/wp\/v2\/media?parent=41"}],"curies":[{"name":"wp","href":"https:\/\/api.w.org\/{rel}","templated":true}]}}