{"id":2,"date":"2015-10-29T13:18:03","date_gmt":"2015-10-29T12:18:03","guid":{"rendered":"http:\/\/wp.rainertetzlaff.de\/wP\/?page_id=2"},"modified":"2023-08-23T14:17:19","modified_gmt":"2023-08-23T12:17:19","slug":"impressum","status":"publish","type":"page","link":"https:\/\/www.rainertetzlaff.de\/index.php\/impressum\/","title":{"rendered":"Impressum"},"content":{"rendered":"<p>Prof. Dr. Rainer Tetzlaff<script><\/script><script><\/script><br \/>\nTelefon: +49 40 822 33 73<br \/>\nEmail: prof\u00a0 (at)\u00a0 \u00a0rainertetzlaff.de<\/p>\n<p>c\/o 4dynamic GmbH<br \/>\nHeinrich-Hertz-Str. 26<br \/>\n25336 Elmshorn<\/p>\n<form id=\"fordyForm\" action=\"impressum.aspx?53bae824-6709-404b-a0b5-1536f5380c5f=649edbab-3a6d-415d-a6e0-f50a8ca581f7&amp;95aafd75-9495-4dc9-b8dd-1fdcfa43eb61=1423e06f-8bd3-4a47-bae3-3fea070a838c&amp;98adefd39-9898-4dc9-b8ee-1facea65bb89=7490e06f-8ca9-85a2-bc4a-3fea981ba11c\" method=\"post\" name=\"fordyForm\">\n<div id=\"page\">\n<div id=\"floatholder\">\n<div id=\"contentcontainer\">\n<div id=\"content\">\n<p><strong>Haftungsausschluss<\/strong><\/p>\n<p>Alle auf dieser Website zitierten Warenzeichen, Produktnamen und Firmennamen bzw. -Logos sind das Alleineigentum der jeweiligen Besitzer. Das Kopieren oder die Reproduktion (inklusive des Ausdrucks auf Papier) der gesamten Website bzw. von Teilen dieser Website werden nur zu dem Zweck gestattet, diese Website als Informationsressource zu verwenden. Jede andere Verwendung der auf dieser Website verf\u00fcgbaren Materialien bzw. Informationen &#8211; inklusive der Reproduktion, des Weitervertriebs, der Ver\u00e4nderung und der Ver\u00f6ffentlichung zu einem anderen als dem oben genannten Zweck &#8211; ist untersagt, es sei denn, die Agentur 4dynamic GmbH, hat dem vorher schriftlich zugestimmt.<\/p>\n<p><strong>Inhalte<\/strong><\/p>\n<p>Wir \u00fcbernehmen f\u00fcr die Richtigkeit, Vollst\u00e4ndigkeit, Aktualit\u00e4t oder Qualit\u00e4t der auf dieser Internetseite zur Verf\u00fcgung gestellten Daten und Informationen keinerlei Haftung. Wir schlie\u00dfen jegliche Haftung f\u00fcr jedwede Sch\u00e4den sowohl materieller als auch immaterieller Art aus, die durch die Nutzung der zur Verf\u00fcgung gestellten Daten oder durch die Nutzung fehlerhafter oder unvollst\u00e4ndiger Informationen verursacht wurde, sofern nicht unsererseits nachweislich ein vors\u00e4tzliches oder grob fahrl\u00e4ssiges Fehlverhalten vorliegt. Wir behalten uns ausdr\u00fccklich die jederzeitige \u00c4nderung der auf der gesamten Domain zur Verf\u00fcgung gestellten Daten ohne gesonderte Ank\u00fcndigung vor. Ebenso sind wir berechtigt diese Internetseite jederzeit zu erg\u00e4nzen, zu l\u00f6schen oder deren Ver\u00f6ffentlichung zeitweise oder endg\u00fcltig einzustellen.<\/p>\n<p><strong>Verweise<\/strong><\/p>\n<p>F\u00fcr den Fall, dass auf dieser Seite auf Verweisziele (Links) direkt oder indirekt verwiesen wird, die au\u00dferhalb unseres Verantwortungsbereiches liegen, kommt eine Haftung unsererseits nur in Betracht, wenn wir von den Inhalten Kenntnis hatten und es uns technisch m\u00f6glich und zumutbar w\u00e4re, die Nutzung im Falle rechtswidriger Inhalte zu verhindern. Wir stellen ausdr\u00fccklich klar, dass wir keinerlei Einfluss auf die Gestaltung und die Inhalte der verlinkten Seiten haben. Aus diesem Grunde distanzieren wir uns ausdr\u00fccklich von allen Inhalten der mit dieser Internetseite verlinkten Seiten. Wir machen uns diese Inhalte nicht zu Eigen und schlie\u00dfen hierf\u00fcr jegliche Haftung aus. Auch ist uns kein verbotener Inhalt auf den verlinkten Seiten bekannt. Die Erw\u00e4hnung oder Nichterw\u00e4hnung eines Links sowie deren Reihenfolge stellen f\u00fcr uns keinerlei Wertung oder Abwertung dar. Eine m\u00f6gliche Haftung des Anbieters der verlinkten Seite f\u00fcr deren Inhalt und insbesondere f\u00fcr Sch\u00e4den, die aus der Nutzung oder Nichtnutzung der von ihm angebotenen Daten und Informationen entstehen, bleibt hiervon unber\u00fchrt. Die vorgenannten Einschr\u00e4nkungen gelten ebenfalls f\u00fcr Fremdeintr\u00e4ge in von uns evtl. eingerichteten G\u00e4steb\u00fcchern, Diskussionsforen und Mailinglisten.<\/p>\n<p><strong>Urheberrechte\/Markenrechte<\/strong><\/p>\n<p>S\u00e4mtliche Rechte an von uns selbst erstellten Objekten, Grafiken, Tondokumente, Videosequenzen und Texten stehen ausschlie\u00dflich uns zu. Eine Vervielf\u00e4ltigung oder Verwendung dieser Objekte, Grafiken, Tondokumente, Videosequenzen und Texte in anderen elektronischen oder gedruckten Publikationen ist ohne unsere ausdr\u00fcckliche Zustimmung nicht gestattet. S\u00e4mtliche Rechte an allen auf dieser oder auf verlinkten Seiten genannten Marken stehen allein den Inhabern dieser Marken zu.<\/p>\n<\/div>\n<p><strong>Online-Streitbeilegung gem\u00e4\u00df Art. 14 Abs. 1 ODR-VO und\u00a0Information gem\u00e4\u00df \u00a7 36 VSBG<br \/>\n<\/strong>Die Europ\u00e4ische Kommission stellt eine Plattform zur Online-Streitbeilegung (OS) bereit. Sie finden sie unter\u00a0<a href=\"http:\/\/ec.europa.eu\/consumers\/odr\/\" target=\"_blank\" rel=\"noopener noreferrer\">http.\/\/ec.europa.eu\/consumers\/odr\/<\/a>.<\/p>\n<p>Rainer Tetzlaff nimmt nicht an Streitbeilegungsverfahren vor einer Verbraucherschlichtungsstelle teil.<\/p>\n<\/div>\n<\/div>\n<\/div>\n<\/form>\n","protected":false},"excerpt":{"rendered":"<p>Prof. Dr. Rainer Tetzlaff Telefon: +49 40 822 33 73 Email: prof\u00a0 (at)\u00a0 \u00a0rainertetzlaff.de c\/o 4dynamic GmbH Heinrich-Hertz-Str. 26 25336 Elmshorn Haftungsausschluss Alle auf dieser Website zitierten Warenzeichen, Produktnamen und Firmennamen bzw. -Logos sind das Alleineigentum der jeweiligen Besitzer. Das Kopieren oder die Reproduktion (inklusive des Ausdrucks auf Papier) der gesamten Website bzw. von Teilen [&hellip;]<\/p>\n","protected":false},"author":2,"featured_media":0,"parent":0,"menu_order":0,"comment_status":"closed","ping_status":"open","template":"","meta":{"_et_pb_use_builder":"off","_et_pb_old_content":"Prof. Dr. Rainer Tetzlaff<script><\/script><script><\/script>\nTelefon: +49 40 822 33 73\nEmail: prof\u00a0 (at)\u00a0 \u00a0rainertetzlaff.de\n\nc\/o 4dynamic GmbH\nHeinrich-Hertz-Str. 26\n25336 Elmshorn\n\n<form id=\"fordyForm\" action=\"impressum.aspx?53bae824-6709-404b-a0b5-1536f5380c5f=649edbab-3a6d-415d-a6e0-f50a8ca581f7&amp;95aafd75-9495-4dc9-b8dd-1fdcfa43eb61=1423e06f-8bd3-4a47-bae3-3fea070a838c&amp;98adefd39-9898-4dc9-b8ee-1facea65bb89=7490e06f-8ca9-85a2-bc4a-3fea981ba11c\" method=\"post\" name=\"fordyForm\">\n<div id=\"page\">\n<div id=\"floatholder\">\n<div id=\"contentcontainer\">\n<div id=\"content\">\n\n<strong>Haftungsausschluss<\/strong>\n\nAlle auf dieser Website zitierten Warenzeichen, Produktnamen und Firmennamen bzw. -Logos sind das Alleineigentum der jeweiligen Besitzer. Das Kopieren oder die Reproduktion (inklusive des Ausdrucks auf Papier) der gesamten Website bzw. von Teilen dieser Website werden nur zu dem Zweck gestattet, diese Website als Informationsressource zu verwenden. Jede andere Verwendung der auf dieser Website verf\u00fcgbaren Materialien bzw. Informationen - inklusive der Reproduktion, des Weitervertriebs, der Ver\u00e4nderung und der Ver\u00f6ffentlichung zu einem anderen als dem oben genannten Zweck - ist untersagt, es sei denn, die Agentur 4dynamic GmbH, hat dem vorher schriftlich zugestimmt.\n\n<strong>Inhalte<\/strong>\n\nWir \u00fcbernehmen f\u00fcr die Richtigkeit, Vollst\u00e4ndigkeit, Aktualit\u00e4t oder Qualit\u00e4t der auf dieser Internetseite zur Verf\u00fcgung gestellten Daten und Informationen keinerlei Haftung. Wir schlie\u00dfen jegliche Haftung f\u00fcr jedwede Sch\u00e4den sowohl materieller als auch immaterieller Art aus, die durch die Nutzung der zur Verf\u00fcgung gestellten Daten oder durch die Nutzung fehlerhafter oder unvollst\u00e4ndiger Informationen verursacht wurde, sofern nicht unsererseits nachweislich ein vors\u00e4tzliches oder grob fahrl\u00e4ssiges Fehlverhalten vorliegt. Wir behalten uns ausdr\u00fccklich die jederzeitige \u00c4nderung der auf der gesamten Domain zur Verf\u00fcgung gestellten Daten ohne gesonderte Ank\u00fcndigung vor. Ebenso sind wir berechtigt diese Internetseite jederzeit zu erg\u00e4nzen, zu l\u00f6schen oder deren Ver\u00f6ffentlichung zeitweise oder endg\u00fcltig einzustellen.\n\n<strong>Verweise<\/strong>\n\nF\u00fcr den Fall, dass auf dieser Seite auf Verweisziele (Links) direkt oder indirekt verwiesen wird, die au\u00dferhalb unseres Verantwortungsbereiches liegen, kommt eine Haftung unsererseits nur in Betracht, wenn wir von den Inhalten Kenntnis hatten und es uns technisch m\u00f6glich und zumutbar w\u00e4re, die Nutzung im Falle rechtswidriger Inhalte zu verhindern. Wir stellen ausdr\u00fccklich klar, dass wir keinerlei Einfluss auf die Gestaltung und die Inhalte der verlinkten Seiten haben. Aus diesem Grunde distanzieren wir uns ausdr\u00fccklich von allen Inhalten der mit dieser Internetseite verlinkten Seiten. Wir machen uns diese Inhalte nicht zu Eigen und schlie\u00dfen hierf\u00fcr jegliche Haftung aus. Auch ist uns kein verbotener Inhalt auf den verlinkten Seiten bekannt. Die Erw\u00e4hnung oder Nichterw\u00e4hnung eines Links sowie deren Reihenfolge stellen f\u00fcr uns keinerlei Wertung oder Abwertung dar. Eine m\u00f6gliche Haftung des Anbieters der verlinkten Seite f\u00fcr deren Inhalt und insbesondere f\u00fcr Sch\u00e4den, die aus der Nutzung oder Nichtnutzung der von ihm angebotenen Daten und Informationen entstehen, bleibt hiervon unber\u00fchrt. Die vorgenannten Einschr\u00e4nkungen gelten ebenfalls f\u00fcr Fremdeintr\u00e4ge in von uns evtl. eingerichteten G\u00e4steb\u00fcchern, Diskussionsforen und Mailinglisten.\n\n<strong>Urheberrechte\/Markenrechte<\/strong>\n\nS\u00e4mtliche Rechte an von uns selbst erstellten Objekten, Grafiken, Tondokumente, Videosequenzen und Texten stehen ausschlie\u00dflich uns zu. Eine Vervielf\u00e4ltigung oder Verwendung dieser Objekte, Grafiken, Tondokumente, Videosequenzen und Texte in anderen elektronischen oder gedruckten Publikationen ist ohne unsere ausdr\u00fcckliche Zustimmung nicht gestattet. S\u00e4mtliche Rechte an allen auf dieser oder auf verlinkten Seiten genannten Marken stehen allein den Inhabern dieser Marken zu.\n\n<\/div>\n<strong>Online-Streitbeilegung gem\u00e4\u00df Art. 14 Abs. 1 ODR-VO und\u00a0Information gem\u00e4\u00df \u00a7 36 VSBG\n<\/strong>Die Europ\u00e4ische Kommission stellt eine Plattform zur Online-Streitbeilegung (OS) bereit. Sie finden sie unter\u00a0<a href=\"http:\/\/ec.europa.eu\/consumers\/odr\/\" target=\"_blank\" rel=\"noopener noreferrer\">http.\/\/ec.europa.eu\/consumers\/odr\/<\/a>.\n\nRainer Tetzlaff nimmt nicht an Streitbeilegungsverfahren vor einer Verbraucherschlichtungsstelle teil.\n\n<\/div>\n<\/div>\n<\/div>\n<\/form>","_et_gb_content_width":"","footnotes":""},"class_list":["post-2","page","type-page","status-publish","hentry"],"_links":{"self":[{"href":"https:\/\/www.rainertetzlaff.de\/index.php\/wp-json\/wp\/v2\/pages\/2","targetHints":{"allow":["GET"]}}],"collection":[{"href":"https:\/\/www.rainertetzlaff.de\/index.php\/wp-json\/wp\/v2\/pages"}],"about":[{"href":"https:\/\/www.rainertetzlaff.de\/index.php\/wp-json\/wp\/v2\/types\/page"}],"author":[{"embeddable":true,"href":"https:\/\/www.rainertetzlaff.de\/index.php\/wp-json\/wp\/v2\/users\/2"}],"replies":[{"embeddable":true,"href":"https:\/\/www.rainertetzlaff.de\/index.php\/wp-json\/wp\/v2\/comments?post=2"}],"version-history":[{"count":17,"href":"https:\/\/www.rainertetzlaff.de\/index.php\/wp-json\/wp\/v2\/pages\/2\/revisions"}],"predecessor-version":[{"id":516,"href":"https:\/\/www.rainertetzlaff.de\/index.php\/wp-json\/wp\/v2\/pages\/2\/revisions\/516"}],"wp:attachment":[{"href":"https:\/\/www.rainertetzlaff.de\/index.php\/wp-json\/wp\/v2\/media?parent=2"}],"curies":[{"name":"wp","href":"https:\/\/api.w.org\/{rel}","templated":true}]}}