{"id":19,"date":"2016-04-22T10:55:33","date_gmt":"2016-04-22T08:55:33","guid":{"rendered":"http:\/\/wp.rainertetzlaff.de\/wP\/?page_id=19"},"modified":"2023-08-17T09:13:01","modified_gmt":"2023-08-17T07:13:01","slug":"vita","status":"publish","type":"page","link":"https:\/\/www.rainertetzlaff.de\/index.php\/vita\/","title":{"rendered":"Curriculum Vitae"},"content":{"rendered":"<p>[et_pb_section fb_built=&#8220;1&#8243; admin_label=&#8220;section&#8220; _builder_version=&#8220;4.16&#8243; global_colors_info=&#8220;{}&#8220; custom_padding=&#8220;71px|||||&#8220;][et_pb_row column_structure=&#8220;1_2,1_2&#8243; admin_label=&#8220;row&#8220; _builder_version=&#8220;4.22.0&#8243; background_enable_color=&#8220;off&#8220; background_size=&#8220;initial&#8220; background_position=&#8220;top_left&#8220; background_repeat=&#8220;repeat&#8220; hover_enabled=&#8220;0&#8243; global_colors_info=&#8220;{}&#8220; sticky_enabled=&#8220;0&#8243;][et_pb_column type=&#8220;1_2&#8243; _builder_version=&#8220;4.22.0&#8243; custom_padding=&#8220;|||29px|false|false&#8220; hover_enabled=&#8220;0&#8243; global_colors_info=&#8220;{}&#8220; custom_padding__hover=&#8220;|||&#8220; sticky_enabled=&#8220;0&#8243;][et_pb_text admin_label=&#8220;Text&#8220; _builder_version=&#8220;4.16&#8243; background_size=&#8220;initial&#8220; background_position=&#8220;top_left&#8220; background_repeat=&#8220;repeat&#8220; global_colors_info=&#8220;{}&#8220;]<\/p>\n<form id=\"fordyForm\" action=\"vita.aspx?53bae824-6709-404b-a0b5-1536f5380c5f=649edbab-3a6d-415d-a6e0-f50a8ca581f7&amp;95aafd75-9495-4dc9-b8dd-1fdcfa43eb61=1423e06f-8bd3-4a47-bae3-3fea070a838c&amp;98adefd39-9898-4dc9-b8ee-1facea65bb89=7490e06f-8ca9-85a2-bc4a-3fea981ba11c\" method=\"post\" name=\"fordyForm\">\n<div id=\"page\">\n<div id=\"floatholder\">\n<div id=\"contentcontainer\">\n<div id=\"content\">\n<div>\n<p>Geboren 1940 in Bad Salzbrunn\/Schlesien<\/p>\n<p>1960-1973 Studium der Germanistik und Philosophie, der Geschichte und Politikwissenschaft an den Universit\u00e4ten Bonn und Berlin (West).<\/p>\n<p>1968 Promotion zum Dr. Phil. in Geschichte am Friedrich-Meinecke-Institut der Freien Universit\u00e4t in Berlin.<\/p>\n<p>1968 &#8211; 1974 Assistenz-Professor an der \u201eArbeitsstelle Politik Afrikas\u201c der FU Berlin. Forschungsaufenthalte in Ghana, Sambia, S\u00fcdafrika und Tansania sowie bei Weltbank und Internationalem W\u00e4hrungsfonds in Washington<\/p>\n<p>1977 Habilitation im Fach Politische Wissenschaft am Otto-Suhr-Institut der Freien Universit\u00e4t Berlin.<\/p>\n<p>April 1974 bis M\u00e4rz 2006 Professor f\u00fcr Politische Wissenschaft am Institut f\u00fcr Politische Wissenschaft der Universit\u00e4t der Freien und Hansestadt Hamburg, mit Unterbrechungen.<\/p>\n<p>1975 zus\u00e4tzlich: Lehrauftr\u00e4ge an der Universit\u00e4t Bremen; 1976 zus\u00e4tzlich: Lehrauftr\u00e4ge an der Universit\u00e4t der Bundesweht Hamburg; 1977: Lehrstuhl-Vertretung (Prof. G. Ziebura) in Konstanz; Sommersemester 2006: Otto-von-Freising-<wbr \/>Gastprofessur an der Katholischen Universit\u00e4t Eichst\u00e4tt.<\/p>\n<p>Forschungsschwerpunkte: Politische und wirtschaftliche Entwicklung afrikanischer Staaten; Entwicklungspolitik der Europ\u00e4ischen Union, der Weltbank und von UN-Organisationen; Verschuldungskrise und die Rolle des IWF; Demokratisierungsprozesse in Entwicklungsl\u00e4ndern; Menschenrechte und kulturelle Globalisierung.<\/p>\n<p>Feldforschung in Ghana, Mauritius, S\u00fcdafrika, Namibia, Sambia, Tansania, Kenia, Sudan und \u00c4thiopien.<\/p>\n<p>Emeritierung an der Universit\u00e4t Hamburg 31. M\u00e4rz 2016<\/p>\n<p><span lang=\"EN-US\">2008 \u2013 2015 Wisdom Professor of African and Development Studies an der privaten Jacobs University Bremen in Bremen. <\/span><\/p>\n<\/div>\n<\/div>\n<\/div>\n<\/div>\n<\/div>\n<\/form>\n<p>[\/et_pb_text][\/et_pb_column][et_pb_column type=&#8220;1_2&#8243; _builder_version=&#8220;4.16&#8243; custom_padding=&#8220;|||&#8220; global_colors_info=&#8220;{}&#8220; custom_padding__hover=&#8220;|||&#8220;][et_pb_image src=&#8220;https:\/\/www.rainertetzlaff.de\/wp-content\/uploads\/2023\/08\/IMG_0054.jpg&#8220; title_text=&#8220;IMG_0054&#8243; _builder_version=&#8220;4.22.0&#8243; _module_preset=&#8220;default&#8220; global_colors_info=&#8220;{}&#8220;][\/et_pb_image][\/et_pb_column][\/et_pb_row][\/et_pb_section]<\/p>\n","protected":false},"excerpt":{"rendered":"<p>Geboren 1940 in Bad Salzbrunn\/Schlesien 1960-1973 Studium der Germanistik und Philosophie, der Geschichte und Politikwissenschaft an den Universit\u00e4ten Bonn und Berlin (West). 1968 Promotion zum Dr. Phil. in Geschichte am Friedrich-Meinecke-Institut der Freien Universit\u00e4t in Berlin. 1968 &#8211; 1974 Assistenz-Professor an der \u201eArbeitsstelle Politik Afrikas\u201c der FU Berlin. Forschungsaufenthalte in Ghana, Sambia, S\u00fcdafrika und Tansania [&hellip;]<\/p>\n","protected":false},"author":1,"featured_media":0,"parent":0,"menu_order":0,"comment_status":"closed","ping_status":"closed","template":"","meta":{"_et_pb_use_builder":"on","_et_pb_old_content":"<form id=\"fordyForm\" action=\"vita.aspx?53bae824-6709-404b-a0b5-1536f5380c5f=649edbab-3a6d-415d-a6e0-f50a8ca581f7&amp;95aafd75-9495-4dc9-b8dd-1fdcfa43eb61=1423e06f-8bd3-4a47-bae3-3fea070a838c&amp;98adefd39-9898-4dc9-b8ee-1facea65bb89=7490e06f-8ca9-85a2-bc4a-3fea981ba11c\" method=\"post\" name=\"fordyForm\">\r\n<div id=\"page\">\r\n<div id=\"floatholder\">\r\n<div id=\"contentcontainer\">\r\n<div id=\"content\">\r\n<div>\r\n\r\nGeboren 1940 in Bad Salzbrunn\/Schlesien\r\n\r\n1960-1973 Studium der Germanistik und Philosophie, der Geschichte und Politikwissenschaft an den Universit\u00e4ten Bonn und Berlin (West).\r\n\r\n1968 Promotion zum Dr. Phil. in Geschichte am Friedrich-Meinecke-Institut der Freien Universit\u00e4t in Berlin.\r\n\r\n1968 - 1974 Assistenz-Professor an der \u201eArbeitsstelle Politik Afrikas\u201c der FU Berlin. Forschungsaufenthalte in Ghana, Sambia, S\u00fcdafrika und Tansania sowie bei Weltbank und Internationalem W\u00e4hrungsfonds in Washington\r\n\r\n1977 Habilitation im Fach Politische Wissenschaft am Otto-Suhr-Institut der Freien Universit\u00e4t Berlin.\r\n\r\nApril 1974 bis M\u00e4rz 2006 Professor f\u00fcr Politische Wissenschaft am Institut f\u00fcr Politische Wissenschaft der Universit\u00e4t der Freien und Hansestadt Hamburg, mit Unterbrechungen.\r\n\r\n1975 zus\u00e4tzlich: Lehrauftr\u00e4ge an der Universit\u00e4t Bremen; 1976 zus\u00e4tzlich: Lehrauftr\u00e4ge an der Universit\u00e4t der Bundesweht Hamburg; 1977: Lehrstuhl-Vertretung (Prof. G. Ziebura) in Konstanz; Sommersemester 2006: Otto-von-Freising-<wbr \/>Gastprofessur an der Katholischen Universit\u00e4t Eichst\u00e4tt.\r\n\r\nForschungsschwerpunkte: Politische und wirtschaftliche Entwicklung afrikanischer Staaten; Entwicklungspolitik der Europ\u00e4ischen Union, der Weltbank und von UN-Organisationen; Verschuldungskrise und die Rolle des IWF; Demokratisierungsprozesse in Entwicklungsl\u00e4ndern; Menschenrechte und kulturelle Globalisierung.\r\n\r\nFeldforschung in Ghana, Mauritius, S\u00fcdafrika, Namibia, Sambia, Tansania, Kenia, Sudan und \u00c4thiopien.\r\n\r\nEmeritierung an der Universit\u00e4t Hamburg 31. M\u00e4rz 2016\r\n\r\n<span lang=\"EN-US\">2008 \u2013 20015 Wisdom Professor of African and Development Studies an der privaten Jacobs University Bremen in Bremen. <\/span>\r\n\r\n<\/div>\r\n<\/div>\r\n<\/div>\r\n<\/div>\r\n<\/div>\r\n<\/form>","_et_gb_content_width":"","footnotes":""},"class_list":["post-19","page","type-page","status-publish","hentry"],"_links":{"self":[{"href":"https:\/\/www.rainertetzlaff.de\/index.php\/wp-json\/wp\/v2\/pages\/19","targetHints":{"allow":["GET"]}}],"collection":[{"href":"https:\/\/www.rainertetzlaff.de\/index.php\/wp-json\/wp\/v2\/pages"}],"about":[{"href":"https:\/\/www.rainertetzlaff.de\/index.php\/wp-json\/wp\/v2\/types\/page"}],"author":[{"embeddable":true,"href":"https:\/\/www.rainertetzlaff.de\/index.php\/wp-json\/wp\/v2\/users\/1"}],"replies":[{"embeddable":true,"href":"https:\/\/www.rainertetzlaff.de\/index.php\/wp-json\/wp\/v2\/comments?post=19"}],"version-history":[{"count":20,"href":"https:\/\/www.rainertetzlaff.de\/index.php\/wp-json\/wp\/v2\/pages\/19\/revisions"}],"predecessor-version":[{"id":494,"href":"https:\/\/www.rainertetzlaff.de\/index.php\/wp-json\/wp\/v2\/pages\/19\/revisions\/494"}],"wp:attachment":[{"href":"https:\/\/www.rainertetzlaff.de\/index.php\/wp-json\/wp\/v2\/media?parent=19"}],"curies":[{"name":"wp","href":"https:\/\/api.w.org\/{rel}","templated":true}]}}